{"id":1538,"date":"2023-10-30T16:04:36","date_gmt":"2023-10-30T16:04:36","guid":{"rendered":"https:\/\/partnership.gjh.sk\/?page_id=1538"},"modified":"2023-11-20T12:26:16","modified_gmt":"2023-11-20T12:26:16","slug":"nas-partner","status":"publish","type":"page","link":"https:\/\/partnership.gjh.sk\/?page_id=1538&lang=sk","title":{"rendered":"N\u00e1\u0161 partner"},"content":{"rendered":"\t\t<div data-elementor-type=\"wp-page\" data-elementor-id=\"1538\" class=\"elementor elementor-1538\">\n\t\t\t\t\t\t\t<div class=\"elementor-element elementor-element-30f8573 e-flex e-con-boxed e-con e-parent\" data-id=\"30f8573\" data-element_type=\"container\" data-settings=\"{&quot;content_width&quot;:&quot;boxed&quot;}\" data-core-v316-plus=\"true\">\n\t\t\t\t\t<div class=\"e-con-inner\">\n\t\t\t\t\t<\/div>\n\t\t\t\t<\/div>\n\t\t<div class=\"elementor-element elementor-element-4dd575e e-flex e-con-boxed e-con e-parent\" data-id=\"4dd575e\" data-element_type=\"container\" data-settings=\"{&quot;content_width&quot;:&quot;boxed&quot;}\" data-core-v316-plus=\"true\">\n\t\t\t\t\t<div class=\"e-con-inner\">\n\t\t\t\t<div class=\"elementor-element elementor-element-0b1c3fb elementor-widget elementor-widget-heading\" data-id=\"0b1c3fb\" data-element_type=\"widget\" data-widget_type=\"heading.default\">\n\t\t\t\t<div class=\"elementor-widget-container\">\n\t\t\t<style>\/*! elementor - v3.17.0 - 08-11-2023 *\/\n.elementor-heading-title{padding:0;margin:0;line-height:1}.elementor-widget-heading .elementor-heading-title[class*=elementor-size-]>a{color:inherit;font-size:inherit;line-height:inherit}.elementor-widget-heading .elementor-heading-title.elementor-size-small{font-size:15px}.elementor-widget-heading .elementor-heading-title.elementor-size-medium{font-size:19px}.elementor-widget-heading .elementor-heading-title.elementor-size-large{font-size:29px}.elementor-widget-heading .elementor-heading-title.elementor-size-xl{font-size:39px}.elementor-widget-heading .elementor-heading-title.elementor-size-xxl{font-size:59px}<\/style><h2 class=\"elementor-heading-title elementor-size-default\">N\u00e1\u0161 patner<\/h2>\t\t<\/div>\n\t\t\t\t<\/div>\n\t\t\t\t\t<\/div>\n\t\t\t\t<\/div>\n\t\t<div class=\"elementor-element elementor-element-e00de0d e-flex e-con-boxed e-con e-parent\" data-id=\"e00de0d\" data-element_type=\"container\" data-settings=\"{&quot;content_width&quot;:&quot;boxed&quot;}\" data-core-v316-plus=\"true\">\n\t\t\t\t\t<div class=\"e-con-inner\">\n\t\t\t\t<div class=\"elementor-element elementor-element-4dcf3b3 elementor-widget elementor-widget-text-editor\" data-id=\"4dcf3b3\" data-element_type=\"widget\" data-widget_type=\"text-editor.default\">\n\t\t\t\t<div class=\"elementor-widget-container\">\n\t\t\t<style>\/*! elementor - v3.17.0 - 08-11-2023 *\/\n.elementor-widget-text-editor.elementor-drop-cap-view-stacked .elementor-drop-cap{background-color:#69727d;color:#fff}.elementor-widget-text-editor.elementor-drop-cap-view-framed .elementor-drop-cap{color:#69727d;border:3px solid;background-color:transparent}.elementor-widget-text-editor:not(.elementor-drop-cap-view-default) .elementor-drop-cap{margin-top:8px}.elementor-widget-text-editor:not(.elementor-drop-cap-view-default) .elementor-drop-cap-letter{width:1em;height:1em}.elementor-widget-text-editor .elementor-drop-cap{float:left;text-align:center;line-height:1;font-size:50px}.elementor-widget-text-editor .elementor-drop-cap-letter{display:inline-block}<\/style>\t\t\t\t<p>Menntask\u00f3linn v Reykjav\u00edku (Reykjavick\u00e1 \u0161kola vzdel\u00e1vania) je najstar\u0161ia stredn\u00e1 \u0161kola na Islande.\u00a0<span style=\"font-style: inherit; font-weight: inherit; background-color: var(--ast-global-color-5); color: var(--ast-global-color-3);\">Pon\u00faka trojro\u010dn\u00fd vzdel\u00e1vac\u00ed program ur\u010den\u00fd pre vekov\u00e9 skupiny 16- a\u017e 19-ro\u010dn\u00fdch \u017eiakov, ktor\u00fdch\u00a0<\/span><span style=\"font-style: inherit; font-weight: inherit; color: var(--ast-global-color-3); background-color: var(--ast-global-color-5);\">pripravuje na vysoko\u0161kolsk\u00e9 \u0161t\u00fadium. \u0160kola je na svojom s\u00fa\u010dasnom mieste od roku 1846 a od roku\u00a0<\/span><span style=\"font-style: inherit; font-weight: inherit; color: var(--ast-global-color-3); background-color: var(--ast-global-color-5);\">1937 sa naz\u00fdva Menntask\u00f3linn in Reykjavik. Pre svoje tradi\u010dn\u00e9 a klasick\u00e9 vzdel\u00e1vanie je zn\u00e1ma ako\u00a0<\/span><span style=\"font-style: inherit; font-weight: inherit; color: var(--ast-global-color-3); background-color: var(--ast-global-color-5);\">jedna z najakademickej\u0161\u00edch \u0161k\u00f4l, ak nie dokonca najakademickej\u0161ia, v krajine.<\/span><\/p>\t\t\t\t\t\t<\/div>\n\t\t\t\t<\/div>\n\t\t\t\t\t<\/div>\n\t\t\t\t<\/div>\n\t\t\t\t\t\t\t<\/div>\n\t\t","protected":false},"excerpt":{"rendered":"<p>N\u00e1\u0161 patner Menntask\u00f3linn v Reykjav\u00edku (Reykjavick\u00e1 \u0161kola vzdel\u00e1vania) je najstar\u0161ia stredn\u00e1 \u0161kola na Islande.\u00a0Pon\u00faka trojro\u010dn\u00fd vzdel\u00e1vac\u00ed program ur\u010den\u00fd pre vekov\u00e9 skupiny 16- a\u017e 19-ro\u010dn\u00fdch \u017eiakov, ktor\u00fdch\u00a0pripravuje na vysoko\u0161kolsk\u00e9 \u0161t\u00fadium. \u0160kola je na svojom s\u00fa\u010dasnom mieste od roku 1846 a od roku\u00a01937 sa naz\u00fdva Menntask\u00f3linn in Reykjavik. Pre svoje tradi\u010dn\u00e9 a klasick\u00e9 vzdel\u00e1vanie je zn\u00e1ma ako\u00a0jedna &hellip;<\/p>\n<p class=\"read-more\"> <a class=\"\" href=\"https:\/\/partnership.gjh.sk\/?page_id=1538&#038;lang=sk\"> <span class=\"screen-reader-text\">N\u00e1\u0161 partner<\/span> Read More &raquo;<\/a><\/p>\n","protected":false},"author":1,"featured_media":0,"parent":0,"menu_order":3,"comment_status":"closed","ping_status":"closed","template":"","meta":{"site-sidebar-layout":"no-sidebar","site-content-layout":"page-builder","ast-site-content-layout":"full-width-container","site-content-style":"unboxed","site-sidebar-style":"unboxed","ast-global-header-display":"","ast-banner-title-visibility":"","ast-main-header-display":"","ast-hfb-above-header-display":"","ast-hfb-below-header-display":"","ast-hfb-mobile-header-display":"","site-post-title":"disabled","ast-breadcrumbs-content":"","ast-featured-img":"disabled","footer-sml-layout":"","theme-transparent-header-meta":"enabled","adv-header-id-meta":"","stick-header-meta":"","header-above-stick-meta":"","header-main-stick-meta":"","header-below-stick-meta":"","astra-migrate-meta-layouts":"set","footnotes":""},"class_list":["post-1538","page","type-page","status-publish","hentry"],"_links":{"self":[{"href":"https:\/\/partnership.gjh.sk\/index.php?rest_route=\/wp\/v2\/pages\/1538","targetHints":{"allow":["GET"]}}],"collection":[{"href":"https:\/\/partnership.gjh.sk\/index.php?rest_route=\/wp\/v2\/pages"}],"about":[{"href":"https:\/\/partnership.gjh.sk\/index.php?rest_route=\/wp\/v2\/types\/page"}],"author":[{"embeddable":true,"href":"https:\/\/partnership.gjh.sk\/index.php?rest_route=\/wp\/v2\/users\/1"}],"replies":[{"embeddable":true,"href":"https:\/\/partnership.gjh.sk\/index.php?rest_route=%2Fwp%2Fv2%2Fcomments&post=1538"}],"version-history":[{"count":8,"href":"https:\/\/partnership.gjh.sk\/index.php?rest_route=\/wp\/v2\/pages\/1538\/revisions"}],"predecessor-version":[{"id":1880,"href":"https:\/\/partnership.gjh.sk\/index.php?rest_route=\/wp\/v2\/pages\/1538\/revisions\/1880"}],"wp:attachment":[{"href":"https:\/\/partnership.gjh.sk\/index.php?rest_route=%2Fwp%2Fv2%2Fmedia&parent=1538"}],"curies":[{"name":"wp","href":"https:\/\/api.w.org\/{rel}","templated":true}]}}