{"id":1512,"date":"2023-10-30T15:57:00","date_gmt":"2023-10-30T15:57:00","guid":{"rendered":"https:\/\/partnership.gjh.sk\/?page_id=1512"},"modified":"2023-11-20T12:25:58","modified_gmt":"2023-11-20T12:25:58","slug":"elementor-1512","status":"publish","type":"page","link":"https:\/\/partnership.gjh.sk\/?page_id=1512&lang=sk","title":{"rendered":"Domov"},"content":{"rendered":"\t\t<div data-elementor-type=\"wp-page\" data-elementor-id=\"1512\" class=\"elementor elementor-1512\">\n\t\t\t\t\t\t\t<div class=\"elementor-element elementor-element-b95ea0e e-flex e-con-boxed e-con e-parent\" data-id=\"b95ea0e\" data-element_type=\"container\" data-settings=\"{&quot;content_width&quot;:&quot;boxed&quot;}\" data-core-v316-plus=\"true\">\n\t\t\t\t\t<div class=\"e-con-inner\">\n\t\t\t\t\t<\/div>\n\t\t\t\t<\/div>\n\t\t<div class=\"elementor-element elementor-element-b4b5d59 e-flex e-con-boxed e-con e-parent\" data-id=\"b4b5d59\" data-element_type=\"container\" data-settings=\"{&quot;content_width&quot;:&quot;boxed&quot;}\" data-core-v316-plus=\"true\">\n\t\t\t\t\t<div class=\"e-con-inner\">\n\t\t\t\t<div class=\"elementor-element elementor-element-c8706b7 elementor-widget elementor-widget-heading\" data-id=\"c8706b7\" data-element_type=\"widget\" data-widget_type=\"heading.default\">\n\t\t\t\t<div class=\"elementor-widget-container\">\n\t\t\t<style>\/*! elementor - v3.17.0 - 08-11-2023 *\/\n.elementor-heading-title{padding:0;margin:0;line-height:1}.elementor-widget-heading .elementor-heading-title[class*=elementor-size-]>a{color:inherit;font-size:inherit;line-height:inherit}.elementor-widget-heading .elementor-heading-title.elementor-size-small{font-size:15px}.elementor-widget-heading .elementor-heading-title.elementor-size-medium{font-size:19px}.elementor-widget-heading .elementor-heading-title.elementor-size-large{font-size:29px}.elementor-widget-heading .elementor-heading-title.elementor-size-xl{font-size:39px}.elementor-widget-heading .elementor-heading-title.elementor-size-xxl{font-size:59px}<\/style><h2 class=\"elementor-heading-title elementor-size-default\">Spolo\u010dn\u00fdm \u00fasil\u00edm k zelenej, konkurencieschopnej a inkluz\u00edvnej Eur\u00f3pe<\/h2>\t\t<\/div>\n\t\t\t\t<\/div>\n\t\t\t\t\t<\/div>\n\t\t\t\t<\/div>\n\t\t<div class=\"elementor-element elementor-element-bccee0c e-flex e-con-boxed e-con e-parent\" data-id=\"bccee0c\" data-element_type=\"container\" data-settings=\"{&quot;content_width&quot;:&quot;boxed&quot;}\" data-core-v316-plus=\"true\">\n\t\t\t\t\t<div class=\"e-con-inner\">\n\t\t\t\t<div class=\"elementor-element elementor-element-1671ad0 elementor-widget elementor-widget-text-editor\" data-id=\"1671ad0\" data-element_type=\"widget\" data-widget_type=\"text-editor.default\">\n\t\t\t\t<div class=\"elementor-widget-container\">\n\t\t\t<style>\/*! elementor - v3.17.0 - 08-11-2023 *\/\n.elementor-widget-text-editor.elementor-drop-cap-view-stacked .elementor-drop-cap{background-color:#69727d;color:#fff}.elementor-widget-text-editor.elementor-drop-cap-view-framed .elementor-drop-cap{color:#69727d;border:3px solid;background-color:transparent}.elementor-widget-text-editor:not(.elementor-drop-cap-view-default) .elementor-drop-cap{margin-top:8px}.elementor-widget-text-editor:not(.elementor-drop-cap-view-default) .elementor-drop-cap-letter{width:1em;height:1em}.elementor-widget-text-editor .elementor-drop-cap{float:left;text-align:center;line-height:1;font-size:50px}.elementor-widget-text-editor .elementor-drop-cap-letter{display:inline-block}<\/style>\t\t\t\t<p>Vitajte! Na tejto webovej str\u00e1nke n\u00e1jdete inform\u00e1cie o projekte Veda v \u0161kole na Islande a na&nbsp;<span style=\"font-style: inherit; font-weight: inherit; background-color: var(--ast-global-color-5); color: var(--ast-global-color-3);\">Slovensku medzi Menntask\u00f3linn \u00ed Reykjav\u00edk a Spojenou \u0161kolou Novohradsk\u00e1.&nbsp;<\/span><span style=\"font-style: inherit; font-weight: inherit; color: var(--ast-global-color-3); background-color: var(--ast-global-color-5);\">Tento projekt z\u00edskal grant z Islandu, Lichten\u0161tajnska a N\u00f3rska v sume 9384 \u20ac prostredn\u00edctvom&nbsp;<\/span><span style=\"font-style: inherit; font-weight: inherit; color: var(--ast-global-color-3); background-color: var(--ast-global-color-5);\">Grantov EHP a N\u00f3rska.<\/span><\/p>\t\t\t\t\t\t<\/div>\n\t\t\t\t<\/div>\n\t\t\t\t\t<\/div>\n\t\t\t\t<\/div>\n\t\t\t\t\t\t\t<\/div>\n\t\t","protected":false},"excerpt":{"rendered":"<p>Spolo\u010dn\u00fdm \u00fasil\u00edm k zelenej, konkurencieschopnej a inkluz\u00edvnej Eur\u00f3pe Vitajte! Na tejto webovej str\u00e1nke n\u00e1jdete inform\u00e1cie o projekte Veda v \u0161kole na Islande a na&nbsp;Slovensku medzi Menntask\u00f3linn \u00ed Reykjav\u00edk a Spojenou \u0161kolou Novohradsk\u00e1.&nbsp;Tento projekt z\u00edskal grant z Islandu, Lichten\u0161tajnska a N\u00f3rska v sume 9384 \u20ac prostredn\u00edctvom&nbsp;Grantov EHP a N\u00f3rska.<\/p>\n","protected":false},"author":1,"featured_media":0,"parent":0,"menu_order":1,"comment_status":"closed","ping_status":"closed","template":"","meta":{"site-sidebar-layout":"no-sidebar","site-content-layout":"page-builder","ast-site-content-layout":"full-width-container","site-content-style":"unboxed","site-sidebar-style":"unboxed","ast-global-header-display":"","ast-banner-title-visibility":"","ast-main-header-display":"","ast-hfb-above-header-display":"","ast-hfb-below-header-display":"","ast-hfb-mobile-header-display":"","site-post-title":"disabled","ast-breadcrumbs-content":"","ast-featured-img":"disabled","footer-sml-layout":"","theme-transparent-header-meta":"enabled","adv-header-id-meta":"","stick-header-meta":"","header-above-stick-meta":"","header-main-stick-meta":"","header-below-stick-meta":"","astra-migrate-meta-layouts":"set","footnotes":""},"class_list":["post-1512","page","type-page","status-publish","hentry"],"_links":{"self":[{"href":"https:\/\/partnership.gjh.sk\/index.php?rest_route=\/wp\/v2\/pages\/1512","targetHints":{"allow":["GET"]}}],"collection":[{"href":"https:\/\/partnership.gjh.sk\/index.php?rest_route=\/wp\/v2\/pages"}],"about":[{"href":"https:\/\/partnership.gjh.sk\/index.php?rest_route=\/wp\/v2\/types\/page"}],"author":[{"embeddable":true,"href":"https:\/\/partnership.gjh.sk\/index.php?rest_route=\/wp\/v2\/users\/1"}],"replies":[{"embeddable":true,"href":"https:\/\/partnership.gjh.sk\/index.php?rest_route=%2Fwp%2Fv2%2Fcomments&post=1512"}],"version-history":[{"count":10,"href":"https:\/\/partnership.gjh.sk\/index.php?rest_route=\/wp\/v2\/pages\/1512\/revisions"}],"predecessor-version":[{"id":1871,"href":"https:\/\/partnership.gjh.sk\/index.php?rest_route=\/wp\/v2\/pages\/1512\/revisions\/1871"}],"wp:attachment":[{"href":"https:\/\/partnership.gjh.sk\/index.php?rest_route=%2Fwp%2Fv2%2Fmedia&parent=1512"}],"curies":[{"name":"wp","href":"https:\/\/api.w.org\/{rel}","templated":true}]}}